{"id":59,"date":"2014-10-25T08:09:33","date_gmt":"2014-10-25T06:09:33","guid":{"rendered":"http:\/\/zuziaiprzemek.pl\/?page_id=59"},"modified":"2016-04-16T22:35:10","modified_gmt":"2016-04-16T20:35:10","slug":"zamiast","status":"publish","type":"page","link":"https:\/\/slub.pfilipek.pl\/?page_id=59","title":{"rendered":"Zamiast kwiat\u00f3w"},"content":{"rendered":"<h2 style=\"text-align: center;\">Z A M I A S T\u00a0 K W I A T \u00d3 W<\/h2>\n<p>&nbsp;<\/p>\n<h3 style=\"text-align: center;\">W tym wyj\u0105tkowym dniu chcieliby\u015bmy podzieli\u0107 si\u0119 naszym szcz\u0119\u015bciem z dzie\u0107mi z \u0142\u00f3dzkiego hospicjum. By\u0142oby nam mi\u0142o gdyby\u015bcie do nas do\u0142\u0105czyli i zamiast kwiat\u00f3w podarowali artyku\u0142y szkolne lub kosmetyki dla maluch\u00f3w.<\/h3>\n<p>&nbsp;<\/p>\n<p style=\"text-align: center;\"><img loading=\"lazy\" decoding=\"async\" class=\"aligncenter wp-image-16 size-full\" src=\"https:\/\/slub.pfilipek.pl\/wp-content\/uploads\/2014\/10\/pic03.jpg\" alt=\"pic03\" width=\"600\" height=\"450\" srcset=\"https:\/\/slub.pfilipek.pl\/wp-content\/uploads\/2014\/10\/pic03.jpg 600w, https:\/\/slub.pfilipek.pl\/wp-content\/uploads\/2014\/10\/pic03-300x225.jpg 300w\" sizes=\"auto, (max-width: 600px) 100vw, 600px\" \/><\/p>\n<h3 style=\"text-align: center;\"><a title=\"\u0141\u00f3dzkie hospicjum dla dzieci\" href=\"http:\/\/hospicjumdladzieci.org\" target=\"_blank\" rel=\"noopener\"> www.hospicjumdladzieci.org<\/a><\/h3>\n","protected":false},"excerpt":{"rendered":"<p>Z A M I A S T\u00a0 K W I A T \u00d3 W &nbsp; W tym wyj\u0105tkowym dniu chcieliby\u015bmy podzieli\u0107 si\u0119 naszym szcz\u0119\u015bciem z dzie\u0107mi z \u0142\u00f3dzkiego hospicjum. By\u0142oby nam mi\u0142o gdyby\u015bcie do nas do\u0142\u0105czyli i zamiast kwiat\u00f3w podarowali artyku\u0142y szkolne lub kosmetyki dla maluch\u00f3w. &nbsp; www.hospicjumdladzieci.org<\/p>\n","protected":false},"author":1,"featured_media":0,"parent":0,"menu_order":0,"comment_status":"closed","ping_status":"open","template":"page-full-width.php","meta":{"ngg_post_thumbnail":0,"footnotes":""},"class_list":["post-59","page","type-page","status-publish","hentry"],"_links":{"self":[{"href":"https:\/\/slub.pfilipek.pl\/index.php?rest_route=\/wp\/v2\/pages\/59","targetHints":{"allow":["GET"]}}],"collection":[{"href":"https:\/\/slub.pfilipek.pl\/index.php?rest_route=\/wp\/v2\/pages"}],"about":[{"href":"https:\/\/slub.pfilipek.pl\/index.php?rest_route=\/wp\/v2\/types\/page"}],"author":[{"embeddable":true,"href":"https:\/\/slub.pfilipek.pl\/index.php?rest_route=\/wp\/v2\/users\/1"}],"replies":[{"embeddable":true,"href":"https:\/\/slub.pfilipek.pl\/index.php?rest_route=%2Fwp%2Fv2%2Fcomments&post=59"}],"version-history":[{"count":10,"href":"https:\/\/slub.pfilipek.pl\/index.php?rest_route=\/wp\/v2\/pages\/59\/revisions"}],"predecessor-version":[{"id":1341,"href":"https:\/\/slub.pfilipek.pl\/index.php?rest_route=\/wp\/v2\/pages\/59\/revisions\/1341"}],"wp:attachment":[{"href":"https:\/\/slub.pfilipek.pl\/index.php?rest_route=%2Fwp%2Fv2%2Fmedia&parent=59"}],"curies":[{"name":"wp","href":"https:\/\/api.w.org\/{rel}","templated":true}]}}