{"id":49,"date":"2014-10-25T07:50:26","date_gmt":"2014-10-25T05:50:26","guid":{"rendered":"http:\/\/zuziaiprzemek.pl\/?page_id=49"},"modified":"2016-04-16T22:32:46","modified_gmt":"2016-04-16T20:32:46","slug":"nocleg-2","status":"publish","type":"page","link":"https:\/\/slub.pfilipek.pl\/?page_id=49","title":{"rendered":"Nocleg"},"content":{"rendered":"<h2 style=\"text-align: center;\">N O C L E G<\/h2>\n<p>&nbsp;<\/p>\n<h3 style=\"text-align: center;\">Hotel Boss w \u0141odzi<\/h3>\n<h3 style=\"text-align: center;\">Tatrza\u0144ska 11<\/h3>\n<p>&nbsp;<\/p>\n<p><img loading=\"lazy\" decoding=\"async\" class=\"aligncenter wp-image-44 size-full\" src=\"https:\/\/slub.pfilipek.pl\/wp-content\/uploads\/2014\/10\/logo.jpg\" alt=\"Hotel Boss\" width=\"324\" height=\"179\" srcset=\"https:\/\/slub.pfilipek.pl\/wp-content\/uploads\/2014\/10\/logo.jpg 324w, https:\/\/slub.pfilipek.pl\/wp-content\/uploads\/2014\/10\/logo-300x165.jpg 300w\" sizes=\"auto, (max-width: 324px) 100vw, 324px\" \/><\/p>\n<h3 style=\"text-align: center;\"><a title=\"Hotel Boss w \u0141odzi\" href=\"http:\/\/www.hotel-boss.pl\/\" target=\"_blank\" rel=\"noopener\">www.hotel-boss.pl<\/a><\/h3>\n<p>&nbsp;<\/p>\n<h4 style=\"text-align: center;\">Go\u015bci weselnych, chc\u0105cych skorzysta\u0107 z noclegu w pobliskim Hotelu Boss prosimy o kontakt z nami.<\/h4>\n<h4 style=\"text-align: center;\">Rezerwacji dokonuje para m\u0142oda.<\/h4>\n<h4 style=\"text-align: center;\">Go\u015bcie weselni maj\u0105 rabat i koszt noclegu wynosi 50z\u0142 \/ osob\u0119 ze \u015bniadaniem w pokoju dwuosobowym z \u0142azienk\u0105. Doba hotelowa rozpoczyna si\u0119 i ko\u0144czy o godzinie 14:00.<\/h4>\n<h4 style=\"text-align: center;\">Podczas wesela mamy zapewniony transport z sali weselnej do hotelu.<\/h4>\n<p>&nbsp;<\/p>\n<h3 style=\"text-align: center;\">Lokalizacja i dojazd:<\/h3>\n<p style=\"text-align: center;\"><iframe loading=\"lazy\" style=\"border: 0;\" src=\"https:\/\/www.google.com\/maps\/embed?pb=!1m18!1m12!1m3!1d78981.0236383461!2d19.4769503368401!3d51.78501690036698!2m3!1f0!2f0!3f0!3m2!1i1024!2i768!4f13.1!3m3!1m2!1s0x0000000000000000%3A0xe6443845c85f7506!2sBoss.+Hotel!5e0!3m2!1spl!2spl!4v1414221311569\" width=\"600\" height=\"450\" frameborder=\"0\"><\/iframe><\/p>\n","protected":false},"excerpt":{"rendered":"<p>N O C L E G &nbsp; Hotel Boss w \u0141odzi Tatrza\u0144ska 11 &nbsp; www.hotel-boss.pl &nbsp; Go\u015bci weselnych, chc\u0105cych skorzysta\u0107 z noclegu w pobliskim Hotelu Boss prosimy o kontakt z nami. Rezerwacji dokonuje para m\u0142oda. Go\u015bcie weselni maj\u0105 rabat i koszt noclegu wynosi 50z\u0142 \/ osob\u0119 ze \u015bniadaniem w pokoju dwuosobowym z \u0142azienk\u0105. Doba hotelowa [&hellip;]<\/p>\n","protected":false},"author":1,"featured_media":0,"parent":0,"menu_order":0,"comment_status":"closed","ping_status":"open","template":"page-full-width.php","meta":{"ngg_post_thumbnail":0,"footnotes":""},"class_list":["post-49","page","type-page","status-publish","hentry"],"_links":{"self":[{"href":"https:\/\/slub.pfilipek.pl\/index.php?rest_route=\/wp\/v2\/pages\/49","targetHints":{"allow":["GET"]}}],"collection":[{"href":"https:\/\/slub.pfilipek.pl\/index.php?rest_route=\/wp\/v2\/pages"}],"about":[{"href":"https:\/\/slub.pfilipek.pl\/index.php?rest_route=\/wp\/v2\/types\/page"}],"author":[{"embeddable":true,"href":"https:\/\/slub.pfilipek.pl\/index.php?rest_route=\/wp\/v2\/users\/1"}],"replies":[{"embeddable":true,"href":"https:\/\/slub.pfilipek.pl\/index.php?rest_route=%2Fwp%2Fv2%2Fcomments&post=49"}],"version-history":[{"count":11,"href":"https:\/\/slub.pfilipek.pl\/index.php?rest_route=\/wp\/v2\/pages\/49\/revisions"}],"predecessor-version":[{"id":1338,"href":"https:\/\/slub.pfilipek.pl\/index.php?rest_route=\/wp\/v2\/pages\/49\/revisions\/1338"}],"wp:attachment":[{"href":"https:\/\/slub.pfilipek.pl\/index.php?rest_route=%2Fwp%2Fv2%2Fmedia&parent=49"}],"curies":[{"name":"wp","href":"https:\/\/api.w.org\/{rel}","templated":true}]}}