{"id":394,"date":"2015-01-18T21:13:34","date_gmt":"2015-01-18T20:13:34","guid":{"rendered":"http:\/\/zuziaiprzemek.pl\/?page_id=394"},"modified":"2017-01-15T18:06:57","modified_gmt":"2017-01-15T17:06:57","slug":"filmy","status":"publish","type":"page","link":"https:\/\/slub.pfilipek.pl\/?page_id=394","title":{"rendered":"Filmy"},"content":{"rendered":"<h2 style=\"text-align: center;\">F I L M Y<\/h2>\n<p style=\"text-align: center;\">Bardzo prosimy o nadsy\u0142anie zdj\u0119\u0107 i film\u00f3w. Wszystko zostanie opublikowane na tej stronie.<\/p>\n<p style=\"text-align: center;\">Materia\u0142y mo\u017cna przesy\u0142a\u0107 na: <a href=\"mailto:przemek@pfilipek.pl\">przemek@pfilipek.pl<\/a> i <a href=\"mailto:zuzastebel@wp.pl\">zuzastebel@wp.pl<\/a><\/p>\n<p style=\"text-align: center;\">Dzi\u0119kujemy i zapraszamy do ogl\u0105dania :)<\/p>\n<p style=\"text-align: center;\">Zuzia i Przemek<\/p>\n<h2 style=\"text-align: center;\"><strong>Skr\u00f3t ze \u015blubu i wesela<\/strong><\/h2>\n<p style=\"text-align: center;\">(38 &#8211; minutowy skr\u00f3t. Na obejrzenie pe\u0142nej 120 &#8211; minutowej wersji zapraszamy do Warszawy :)<\/p>\n<p style=\"text-align: center;\"><iframe loading=\"lazy\" width=\"680\" height=\"383\" src=\"https:\/\/www.youtube.com\/embed\/ehTmsXZSscY\" frameborder=\"0\" allowfullscreen><\/iframe><\/p>\n<hr \/>\n<h2 style=\"text-align: center;\"><strong>Trailer ze \u015blubu i wesela:<\/strong><\/h2>\n<p style=\"text-align: center;\"><a href=\"http:\/\/vimeo.com\/117286998\" target=\"_blank\" rel=\"noopener\">TRAILER Zuzia&amp;Przemek<\/a> from <a href=\"http:\/\/vimeo.com\/user1145678\" target=\"_blank\" rel=\"noopener\">21film<\/a> on <a href=\"https:\/\/vimeo.com\" target=\"_blank\" rel=\"noopener\">Vimeo<\/a>.<\/p>\n<p style=\"text-align: center;\"><!-- This version of the embed code is no longer supported. Learn more: https:\/\/vimeo.com\/s\/tnm --> <object width=\"900\" height=\"506\"><param name=\"allowfullscreen\" value=\"true\" \/><param name=\"allowscriptaccess\" value=\"always\" \/><param name=\"movie\" value=\"http:\/\/vimeo.com\/moogaloop.swf?clip_id=117286998&amp;force_embed=1&amp;server=vimeo.com&amp;show_title=1&amp;show_byline=0&amp;show_portrait=0&amp;color=e0dcdc&amp;fullscreen=1&amp;autoplay=0&amp;loop=0\" \/><embed src=\"http:\/\/vimeo.com\/moogaloop.swf?clip_id=117286998&amp;force_embed=1&amp;server=vimeo.com&amp;show_title=1&amp;show_byline=0&amp;show_portrait=0&amp;color=e0dcdc&amp;fullscreen=1&amp;autoplay=0&amp;loop=0\" type=\"application\/x-shockwave-flash\" allowfullscreen=\"allowfullscreen\" allowscriptaccess=\"always\" width=\"900\" height=\"506\" \/><\/object><\/p>\n<hr \/>\n<h2 style=\"text-align: center;\"><strong>Film dla rodzic\u00f3w<\/strong><\/h2>\n<p style=\"text-align: center;\"><a href=\"http:\/\/vimeo.com\/117291366\" target=\"_blank\" rel=\"noopener\">Podzi\u0119kowanie dla Rodzic\u00f3w<\/a> from <a href=\"http:\/\/vimeo.com\/user1145678\" target=\"_blank\" rel=\"noopener\">21film<\/a> on <a href=\"https:\/\/vimeo.com\" target=\"_blank\" rel=\"noopener\">Vimeo<\/a>.<\/p>\n<p style=\"text-align: center;\"><!-- This version of the embed code is no longer supported. Learn more: https:\/\/vimeo.com\/s\/tnm --> <object width=\"900\" height=\"506\"><param name=\"allowfullscreen\" value=\"true\" \/><param name=\"allowscriptaccess\" value=\"always\" \/><param name=\"movie\" value=\"http:\/\/vimeo.com\/moogaloop.swf?clip_id=117291366&amp;force_embed=1&amp;server=vimeo.com&amp;show_title=1&amp;show_byline=0&amp;show_portrait=0&amp;color=ffffff&amp;fullscreen=1&amp;autoplay=0&amp;loop=0\" \/><embed src=\"http:\/\/vimeo.com\/moogaloop.swf?clip_id=117291366&amp;force_embed=1&amp;server=vimeo.com&amp;show_title=1&amp;show_byline=0&amp;show_portrait=0&amp;color=ffffff&amp;fullscreen=1&amp;autoplay=0&amp;loop=0\" type=\"application\/x-shockwave-flash\" allowfullscreen=\"allowfullscreen\" allowscriptaccess=\"always\" width=\"900\" height=\"506\" \/><\/object><\/p>\n","protected":false},"excerpt":{"rendered":"<p>F I L M Y Bardzo prosimy o nadsy\u0142anie zdj\u0119\u0107 i film\u00f3w. Wszystko zostanie opublikowane na tej stronie. Materia\u0142y mo\u017cna przesy\u0142a\u0107 na: przemek@pfilipek.pl i zuzastebel@wp.pl Dzi\u0119kujemy i zapraszamy do ogl\u0105dania :) Zuzia i Przemek Skr\u00f3t ze \u015blubu i wesela (38 &#8211; minutowy skr\u00f3t. Na obejrzenie pe\u0142nej 120 &#8211; minutowej wersji zapraszamy do Warszawy :) Trailer [&hellip;]<\/p>\n","protected":false},"author":1,"featured_media":0,"parent":0,"menu_order":0,"comment_status":"closed","ping_status":"open","template":"page-full-width.php","meta":{"ngg_post_thumbnail":0,"footnotes":""},"class_list":["post-394","page","type-page","status-publish","hentry"],"_links":{"self":[{"href":"https:\/\/slub.pfilipek.pl\/index.php?rest_route=\/wp\/v2\/pages\/394","targetHints":{"allow":["GET"]}}],"collection":[{"href":"https:\/\/slub.pfilipek.pl\/index.php?rest_route=\/wp\/v2\/pages"}],"about":[{"href":"https:\/\/slub.pfilipek.pl\/index.php?rest_route=\/wp\/v2\/types\/page"}],"author":[{"embeddable":true,"href":"https:\/\/slub.pfilipek.pl\/index.php?rest_route=\/wp\/v2\/users\/1"}],"replies":[{"embeddable":true,"href":"https:\/\/slub.pfilipek.pl\/index.php?rest_route=%2Fwp%2Fv2%2Fcomments&post=394"}],"version-history":[{"count":15,"href":"https:\/\/slub.pfilipek.pl\/index.php?rest_route=\/wp\/v2\/pages\/394\/revisions"}],"predecessor-version":[{"id":1349,"href":"https:\/\/slub.pfilipek.pl\/index.php?rest_route=\/wp\/v2\/pages\/394\/revisions\/1349"}],"wp:attachment":[{"href":"https:\/\/slub.pfilipek.pl\/index.php?rest_route=%2Fwp%2Fv2%2Fmedia&parent=394"}],"curies":[{"name":"wp","href":"https:\/\/api.w.org\/{rel}","templated":true}]}}