{"id":21,"date":"2014-10-24T22:44:47","date_gmt":"2014-10-24T20:44:47","guid":{"rendered":"http:\/\/zuziaiprzemek.pl\/?page_id=21"},"modified":"2016-04-16T22:35:03","modified_gmt":"2016-04-16T20:35:03","slug":"przyjecie-weselne","status":"publish","type":"page","link":"https:\/\/slub.pfilipek.pl\/?page_id=21","title":{"rendered":"Przyj\u0119cie weselne"},"content":{"rendered":"<h2 style=\"text-align: center;\">P R Z Y J \u0118 C I E\u00a0 W E S E L N E<\/h2>\n<p>&nbsp;<\/p>\n<h3 style=\"text-align: center;\">Po ceremonii Za\u015blubin go\u015bci weselnych z rado\u015bci\u0105 zapraszamy na niezapomnian\u0105 zabaw\u0119 do Dworu Artusa w \u0141odzi.<\/h3>\n<p>&nbsp;<\/p>\n<p style=\"text-align: center;\"><img loading=\"lazy\" decoding=\"async\" class=\"aligncenter wp-image-15 size-full\" src=\"https:\/\/slub.pfilipek.pl\/wp-content\/uploads\/2014\/10\/pic02.jpg\" alt=\"pic02\" width=\"600\" height=\"397\" srcset=\"https:\/\/slub.pfilipek.pl\/wp-content\/uploads\/2014\/10\/pic02.jpg 600w, https:\/\/slub.pfilipek.pl\/wp-content\/uploads\/2014\/10\/pic02-300x198.jpg 300w\" sizes=\"auto, (max-width: 600px) 100vw, 600px\" \/><\/p>\n<h3 style=\"text-align: center;\"><\/h3>\n<h3 style=\"text-align: center;\">Dw\u00f3r Artusa w \u0141odzi<\/h3>\n<h3 style=\"text-align: center;\">Skrzy\u017cowanie ul. Zak\u0142adowej i al. Ksi\u0105\u017c\u0105t Polskich<\/h3>\n<h3 style=\"text-align: center;\"><a title=\"Zapraszamy na stron\u0119 Dworu Artusa w \u0141odzi\" href=\"http:\/\/www.dwor-artusa.pl\/\" target=\"_blank\" rel=\"noopener\">www.dwor-artusa.pl<\/a><\/h3>\n<p>&nbsp;<\/p>\n<h3 style=\"text-align: center;\">Przejazd z Ko\u015bcio\u0142a do Dworu Artusa:<\/h3>\n<h3 style=\"text-align: center;\"><a href=\"http:\/\/zuziaiprzemek.pl\/wp-content\/uploads\/2014\/10\/ZiP_przejazd_z_kosciola_do_dworu.pdf\" target=\"_blank\" rel=\"noopener\">PLIK DO WYDRUKU<\/a><\/h3>\n<h3 style=\"text-align: center;\"><a href=\"https:\/\/goo.gl\/maps\/d36h6\" target=\"_blank\" rel=\"noopener\">GOOGLE MAPS<\/a><\/h3>\n<p>&nbsp;<\/p>\n<h3 style=\"text-align: center;\">Lokalizacja:<\/h3>\n<p>&nbsp;<\/p>\n<p style=\"text-align: center;\"><iframe loading=\"lazy\" style=\"border: 0;\" src=\"https:\/\/www.google.com\/maps\/embed?pb=!1m18!1m12!1m3!1d79045.51645526514!2d19.375179886816984!3d51.74817120142695!2m3!1f0!2f0!3f0!3m2!1i1024!2i768!4f13.1!3m3!1m2!1s0x0000000000000000%3A0xf8236bb2f67b2e47!2sDw%C3%B3r+Artusa!5e0!3m2!1spl!2spl!4v1414183164457\" width=\"600\" height=\"450\" frameborder=\"0\"><\/iframe><\/p>\n","protected":false},"excerpt":{"rendered":"<p>P R Z Y J \u0118 C I E\u00a0 W E S E L N E &nbsp; Po ceremonii Za\u015blubin go\u015bci weselnych z rado\u015bci\u0105 zapraszamy na niezapomnian\u0105 zabaw\u0119 do Dworu Artusa w \u0141odzi. &nbsp; Dw\u00f3r Artusa w \u0141odzi Skrzy\u017cowanie ul. Zak\u0142adowej i al. Ksi\u0105\u017c\u0105t Polskich www.dwor-artusa.pl &nbsp; Przejazd z Ko\u015bcio\u0142a do Dworu Artusa: PLIK DO [&hellip;]<\/p>\n","protected":false},"author":1,"featured_media":0,"parent":0,"menu_order":0,"comment_status":"closed","ping_status":"open","template":"page-full-width.php","meta":{"ngg_post_thumbnail":0,"footnotes":""},"class_list":["post-21","page","type-page","status-publish","hentry"],"_links":{"self":[{"href":"https:\/\/slub.pfilipek.pl\/index.php?rest_route=\/wp\/v2\/pages\/21","targetHints":{"allow":["GET"]}}],"collection":[{"href":"https:\/\/slub.pfilipek.pl\/index.php?rest_route=\/wp\/v2\/pages"}],"about":[{"href":"https:\/\/slub.pfilipek.pl\/index.php?rest_route=\/wp\/v2\/types\/page"}],"author":[{"embeddable":true,"href":"https:\/\/slub.pfilipek.pl\/index.php?rest_route=\/wp\/v2\/users\/1"}],"replies":[{"embeddable":true,"href":"https:\/\/slub.pfilipek.pl\/index.php?rest_route=%2Fwp%2Fv2%2Fcomments&post=21"}],"version-history":[{"count":18,"href":"https:\/\/slub.pfilipek.pl\/index.php?rest_route=\/wp\/v2\/pages\/21\/revisions"}],"predecessor-version":[{"id":1340,"href":"https:\/\/slub.pfilipek.pl\/index.php?rest_route=\/wp\/v2\/pages\/21\/revisions\/1340"}],"wp:attachment":[{"href":"https:\/\/slub.pfilipek.pl\/index.php?rest_route=%2Fwp%2Fv2%2Fmedia&parent=21"}],"curies":[{"name":"wp","href":"https:\/\/api.w.org\/{rel}","templated":true}]}}