{"id":148,"date":"2015-01-18T13:40:38","date_gmt":"2015-01-18T12:40:38","guid":{"rendered":"http:\/\/zuziaiprzemek.pl\/?page_id=148"},"modified":"2016-04-16T22:34:51","modified_gmt":"2016-04-16T20:34:51","slug":"podziekowania","status":"publish","type":"page","link":"https:\/\/slub.pfilipek.pl\/?page_id=148","title":{"rendered":"Podzi\u0119kowania"},"content":{"rendered":"<h2 style=\"text-align: center;\">P O D Z I \u0118 K O W A N I A<span style=\"color: #ccffff;\"><br \/>\n<\/span><\/h2>\n<p>&nbsp;<\/p>\n<p>Dzi\u0119kujemy wszystkim go\u015bciom za obecno\u015b\u0107. Dzi\u0119kujemy, \u017ce tego dnia byli\u015bcie z Nami. Dzi\u0119ki Wam poczuli\u015bmy si\u0119 wyj\u0105tkowo.<\/p>\n<p>Chcieliby\u015bmy r\u00f3wnie\u017c podzi\u0119kowa\u0107 wszystkim osobom kt\u00f3re pomog\u0142y nam zorganizowa\u0107 to wyj\u0105tkowe wydarzenie.<br \/>\nDzi\u0119kujemy menad\u017cerce <strong>Ani Burnat<\/strong> i ca\u0142ej ekipie <strong>Dworu Artusa<\/strong> za zorganizowanie rewelacyjnego wesela.<br \/>\nDzi\u0119kujemy wodzirejowi <strong>Piotrowi Paj\u0105kowi<\/strong> za poprowadzenie \u015bwietnej zabawy.<br \/>\nDzi\u0119kujemy wokalistce <strong>Michalinie Malczewskiej<\/strong> za cudowny i wzruszaj\u0105cy \u015bpiew podczas ceremonii \u015blubnej.<br \/>\nDzi\u0119kujemy kamerzy\u015bcie <strong>Grzegorzowi Pietrzakowi<\/strong> z firmy 21film za kapitalny film z podzi\u0119kowaniami dla rodzic\u00f3w i super film ze \u015blubu i wesela.<br \/>\nDzi\u0119kujemy fotografowi <strong>Tomaszowi Wasiakowi<\/strong> za \u015bliczne fotografie.<br \/>\nDzi\u0119kujemy instruktorowi ta\u0144ca <strong>Micha\u0142owi Kotowi<\/strong> za cenne taneczne porady, choreografie oraz du\u017c\u0105 cierpliwo\u015b\u0107.<br \/>\nDzi\u0119kujemy ksi\u0119dzu <strong>Januszowi Banachowskiemu<\/strong> za wyj\u0105tkowy \u015blub.<br \/>\nDzi\u0119kujemy wszystkim kt\u00f3rych nie wymienili\u015bmy, a r\u00f3wnie\u017c przyczynili si\u0119 do tego, \u017ce ten dzie\u0144 by\u0142 tak wyj\u0105tkowy.<\/p>\n<p>Zuzia i Przemek<\/p>\n<table class=\" aligncenter\" width=\"500\" cellspacing=\"50\" align=\"aligncenter&quot;\">\n<tbody>\n<tr>\n<td align=\"left\" valign=\"top\" width=\"500\">\n<h3><a href=\"http:\/\/www.dwor-artusa.pl\/\" target=\"_blank\" rel=\"noopener\"><img loading=\"lazy\" decoding=\"async\" class=\"alignleft wp-image-150 size-full\" src=\"https:\/\/slub.pfilipek.pl\/wp-content\/uploads\/2015\/01\/dwor_artusa_sala_weselna.jpg\" alt=\"dwor_artusa_sala_weselna\" width=\"200\" height=\"200\" srcset=\"https:\/\/slub.pfilipek.pl\/wp-content\/uploads\/2015\/01\/dwor_artusa_sala_weselna.jpg 200w, https:\/\/slub.pfilipek.pl\/wp-content\/uploads\/2015\/01\/dwor_artusa_sala_weselna-150x150.jpg 150w\" sizes=\"auto, (max-width: 200px) 100vw, 200px\" \/><\/a>Sala Weselna Dw\u00f3r Artusa<\/h3>\n<p>&nbsp;<\/p>\n<p><a href=\"http:\/\/www.dwor-artusa.pl\/\" target=\"_blank\" rel=\"noopener\">www.dwor-artusa.pl<\/a><\/p>\n<p><a href=\"https:\/\/www.facebook.com\/DworArtusaLodz?fref=ts\" target=\"_blank\" rel=\"noopener\">facebook<\/a><\/p>\n<p>Manager &#8211; Anna Burnat<\/p>\n<p>tel: 606 704 406 e-mail: <a href=\"mailto:artus@ccss.pl\">artus@ccss.pl<\/a><\/p>\n<hr \/>\n<p>&nbsp;<\/td>\n<\/tr>\n<tr>\n<td align=\"left\" valign=\"top\" width=\"500\">\n<h3><a href=\"http:\/\/wodzirejlodz.pl\/\" target=\"_blank\" rel=\"noopener\"><img loading=\"lazy\" decoding=\"async\" class=\"alignleft wp-image-154 size-full\" src=\"https:\/\/slub.pfilipek.pl\/wp-content\/uploads\/2015\/01\/piotr_pajak_wodzirej.jpg\" alt=\"piotr_pajak_wodzirej\" width=\"200\" height=\"200\" srcset=\"https:\/\/slub.pfilipek.pl\/wp-content\/uploads\/2015\/01\/piotr_pajak_wodzirej.jpg 200w, https:\/\/slub.pfilipek.pl\/wp-content\/uploads\/2015\/01\/piotr_pajak_wodzirej-150x150.jpg 150w\" sizes=\"auto, (max-width: 200px) 100vw, 200px\" \/><\/a>Wodzirej Piotr Paj\u0105k<\/h3>\n<p>&nbsp;<\/p>\n<p><a href=\"http:\/\/wodzirejlodz.pl\/\" target=\"_blank\" rel=\"noopener\">www.wodzirejlodz.pl<\/a><\/p>\n<p><a href=\"https:\/\/www.facebook.com\/WodzirejLodz?fref=ts\" target=\"_blank\" rel=\"noopener\">facebook<\/a><\/p>\n<p>tel. 501 071 869 e-mail: <a class=\"default\" href=\"mailto:kontakt@wodzirejlodz.pl\">kontakt@wodzirejlodz.pl<\/a><\/p>\n<p>&nbsp;<\/p>\n<hr \/>\n<p>&nbsp;<\/td>\n<\/tr>\n<tr>\n<td align=\"left\" valign=\"top\" width=\"500\">\n<h3><a href=\"http:\/\/www.muzykanaslub.net\/\" target=\"_blank\" rel=\"noopener\"><img loading=\"lazy\" decoding=\"async\" class=\"alignleft wp-image-153 size-full\" src=\"https:\/\/slub.pfilipek.pl\/wp-content\/uploads\/2015\/01\/michalina_malczewska_oprawa_muzyczna.jpg\" alt=\"michalina_malczewska_oprawa_muzyczna\" width=\"200\" height=\"200\" srcset=\"https:\/\/slub.pfilipek.pl\/wp-content\/uploads\/2015\/01\/michalina_malczewska_oprawa_muzyczna.jpg 200w, https:\/\/slub.pfilipek.pl\/wp-content\/uploads\/2015\/01\/michalina_malczewska_oprawa_muzyczna-150x150.jpg 150w\" sizes=\"auto, (max-width: 200px) 100vw, 200px\" \/><\/a>Michalina Malczewska<\/h3>\n<p>&nbsp;<\/p>\n<p><a href=\"http:\/\/www.muzykanaslub.net\/\" target=\"_blank\" rel=\"noopener\">www.muzykanaslub.net<\/a><\/p>\n<p><a href=\"https:\/\/www.facebook.com\/pages\/Oprawa-Wokalna-%C5%9Alubu-Michalina-Malczewska\/479238378856973\" target=\"_blank\" rel=\"noopener\">facebook<\/a><\/p>\n<p>tel. 501 427 491 e-mail: <a href=\"mailto:m.malczewska@interia.pl%20\">m.malczewska@interia.pl<\/a><\/p>\n<p>&nbsp;<\/p>\n<hr \/>\n<p>&nbsp;<\/td>\n<\/tr>\n<tr>\n<td align=\"left\" valign=\"top\" width=\"500\">\n<h3><a href=\"http:\/\/21film.pl\/\" target=\"_blank\" rel=\"noopener\"><img loading=\"lazy\" decoding=\"async\" class=\"alignleft wp-image-151 size-full\" src=\"https:\/\/slub.pfilipek.pl\/wp-content\/uploads\/2015\/01\/grzegorz_pietrzak_21film.png\" alt=\"grzegorz_pietrzak_21film\" width=\"200\" height=\"200\" srcset=\"https:\/\/slub.pfilipek.pl\/wp-content\/uploads\/2015\/01\/grzegorz_pietrzak_21film.png 200w, https:\/\/slub.pfilipek.pl\/wp-content\/uploads\/2015\/01\/grzegorz_pietrzak_21film-150x150.png 150w\" sizes=\"auto, (max-width: 200px) 100vw, 200px\" \/><\/a>Kamerzysta Grzegorz Pietrzak<\/h3>\n<p>&nbsp;<\/p>\n<p><a href=\"http:\/\/21film.pl\/\" target=\"_blank\" rel=\"noopener\">www.21film.pl<\/a><\/p>\n<p><a href=\"https:\/\/www.facebook.com\/21film.lodz\" target=\"_blank\" rel=\"noopener\">facebook<\/a><\/p>\n<p>tel. 507 091 645 e-mail: info@21film.pl<\/p>\n<p>&nbsp;<\/p>\n<hr \/>\n<p>&nbsp;<\/td>\n<\/tr>\n<tr>\n<td align=\"left\" valign=\"top\" width=\"500\">\n<h3><a href=\"https:\/\/slub.pfilipek.pl\/wp-content\/uploads\/2015\/01\/tomasz_wasiak_fotograf.jpg\"><img loading=\"lazy\" decoding=\"async\" class=\"alignleft wp-image-155 size-full\" src=\"https:\/\/slub.pfilipek.pl\/wp-content\/uploads\/2015\/01\/tomasz_wasiak_fotograf.jpg\" alt=\"\" width=\"200\" height=\"200\" srcset=\"https:\/\/slub.pfilipek.pl\/wp-content\/uploads\/2015\/01\/tomasz_wasiak_fotograf.jpg 200w, https:\/\/slub.pfilipek.pl\/wp-content\/uploads\/2015\/01\/tomasz_wasiak_fotograf-150x150.jpg 150w\" sizes=\"auto, (max-width: 200px) 100vw, 200px\" \/><\/a>Fotograf Tomasz Wasiak<\/h3>\n<p>&nbsp;<\/p>\n<p>tel. 601 583 773<\/p>\n<p>&nbsp;<\/p>\n<p>&nbsp;<\/p>\n<p>&nbsp;<\/p>\n<hr \/>\n<p>&nbsp;<\/td>\n<\/tr>\n<tr>\n<td align=\"left\" valign=\"top\" width=\"500\">\n<h3><a href=\"https:\/\/slub.pfilipek.pl\/wp-content\/uploads\/2015\/01\/9269_michal_kot.jpg\"><img loading=\"lazy\" decoding=\"async\" class=\"alignleft wp-image-1332\" src=\"https:\/\/slub.pfilipek.pl\/wp-content\/uploads\/2015\/01\/9269_michal_kot.jpg\" alt=\"\" width=\"200\" height=\"200\" srcset=\"https:\/\/slub.pfilipek.pl\/wp-content\/uploads\/2015\/01\/9269_michal_kot.jpg 400w, https:\/\/slub.pfilipek.pl\/wp-content\/uploads\/2015\/01\/9269_michal_kot-150x150.jpg 150w, https:\/\/slub.pfilipek.pl\/wp-content\/uploads\/2015\/01\/9269_michal_kot-300x300.jpg 300w\" sizes=\"auto, (max-width: 200px) 100vw, 200px\" \/><\/a>Instruktor ta\u0144ca Micha\u0142 Kot<\/h3>\n<p>&nbsp;<\/p>\n<p>&nbsp;<\/p>\n<p>&nbsp;<\/p>\n<p>&nbsp;<\/p>\n<p>&nbsp;<\/p>\n<hr \/>\n<p>&nbsp;<\/td>\n<\/tr>\n<tr>\n<td align=\"left\" valign=\"top\" width=\"500\">\n<h3><a href=\"https:\/\/slub.pfilipek.pl\/wp-content\/uploads\/2015\/01\/janusz_banachowski_ksiadz.jpg\"><img loading=\"lazy\" decoding=\"async\" class=\"alignleft wp-image-152 size-full\" src=\"https:\/\/slub.pfilipek.pl\/wp-content\/uploads\/2015\/01\/janusz_banachowski_ksiadz.jpg\" alt=\"\" width=\"200\" height=\"200\" srcset=\"https:\/\/slub.pfilipek.pl\/wp-content\/uploads\/2015\/01\/janusz_banachowski_ksiadz.jpg 200w, https:\/\/slub.pfilipek.pl\/wp-content\/uploads\/2015\/01\/janusz_banachowski_ksiadz-150x150.jpg 150w\" sizes=\"auto, (max-width: 200px) 100vw, 200px\" \/><\/a>Ks. Janusz Banachowski<\/h3>\n<\/td>\n<\/tr>\n<\/tbody>\n<\/table>\n<p>&nbsp;<\/p>\n<p>&nbsp;<\/p>\n","protected":false},"excerpt":{"rendered":"<p>P O D Z I \u0118 K O W A N I A &nbsp; Dzi\u0119kujemy wszystkim go\u015bciom za obecno\u015b\u0107. Dzi\u0119kujemy, \u017ce tego dnia byli\u015bcie z Nami. Dzi\u0119ki Wam poczuli\u015bmy si\u0119 wyj\u0105tkowo. Chcieliby\u015bmy r\u00f3wnie\u017c podzi\u0119kowa\u0107 wszystkim osobom kt\u00f3re pomog\u0142y nam zorganizowa\u0107 to wyj\u0105tkowe wydarzenie. Dzi\u0119kujemy menad\u017cerce Ani Burnat i ca\u0142ej ekipie Dworu Artusa za zorganizowanie rewelacyjnego [&hellip;]<\/p>\n","protected":false},"author":1,"featured_media":0,"parent":0,"menu_order":0,"comment_status":"closed","ping_status":"closed","template":"page-full-width.php","meta":{"ngg_post_thumbnail":0,"footnotes":""},"class_list":["post-148","page","type-page","status-publish","hentry"],"_links":{"self":[{"href":"https:\/\/slub.pfilipek.pl\/index.php?rest_route=\/wp\/v2\/pages\/148","targetHints":{"allow":["GET"]}}],"collection":[{"href":"https:\/\/slub.pfilipek.pl\/index.php?rest_route=\/wp\/v2\/pages"}],"about":[{"href":"https:\/\/slub.pfilipek.pl\/index.php?rest_route=\/wp\/v2\/types\/page"}],"author":[{"embeddable":true,"href":"https:\/\/slub.pfilipek.pl\/index.php?rest_route=\/wp\/v2\/users\/1"}],"replies":[{"embeddable":true,"href":"https:\/\/slub.pfilipek.pl\/index.php?rest_route=%2Fwp%2Fv2%2Fcomments&post=148"}],"version-history":[{"count":113,"href":"https:\/\/slub.pfilipek.pl\/index.php?rest_route=\/wp\/v2\/pages\/148\/revisions"}],"predecessor-version":[{"id":1339,"href":"https:\/\/slub.pfilipek.pl\/index.php?rest_route=\/wp\/v2\/pages\/148\/revisions\/1339"}],"wp:attachment":[{"href":"https:\/\/slub.pfilipek.pl\/index.php?rest_route=%2Fwp%2Fv2%2Fmedia&parent=148"}],"curies":[{"name":"wp","href":"https:\/\/api.w.org\/{rel}","templated":true}]}}