{"id":13,"date":"2014-10-24T22:27:17","date_gmt":"2014-10-24T20:27:17","guid":{"rendered":"http:\/\/zuziaiprzemek.pl\/?page_id=13"},"modified":"2016-04-16T22:32:25","modified_gmt":"2016-04-16T20:32:25","slug":"slub","status":"publish","type":"page","link":"https:\/\/slub.pfilipek.pl\/?page_id=13","title":{"rendered":"Ceremonia \u015blubna"},"content":{"rendered":"<h2 style=\"text-align: center;\">C E R E M O N I A\u00a0 \u015a L U B N A<span style=\"color: #ccffff;\"><br \/>\n<\/span><\/h2>\n<p>&nbsp;<\/p>\n<h3 style=\"text-align: center;\">Serdecznie zapraszamy na uroczysto\u015b\u0107 zawarcia Sakramentu Ma\u0142\u017ce\u0144stwa, kt\u00f3ra odb\u0119dzie si\u0119 w dniu 10 stycznia 2015 roku o godzinie 17:00<\/h3>\n<h3 style=\"text-align: center;\">w Ko\u015bciele \u015awi\u0119tej Doroty w \u0141odzi. Oby pogoda dopisa\u0142a :)<\/h3>\n<p>&nbsp;<\/p>\n<p><img loading=\"lazy\" decoding=\"async\" class=\"aligncenter wp-image-14 size-full\" src=\"https:\/\/slub.pfilipek.pl\/wp-content\/uploads\/2014\/10\/pic01.jpg\" alt=\"pic01\" width=\"600\" height=\"450\" srcset=\"https:\/\/slub.pfilipek.pl\/wp-content\/uploads\/2014\/10\/pic01.jpg 600w, https:\/\/slub.pfilipek.pl\/wp-content\/uploads\/2014\/10\/pic01-300x225.jpg 300w\" sizes=\"auto, (max-width: 600px) 100vw, 600px\" \/><\/p>\n<h3 style=\"text-align: center;\">Parafia \u015awi\u0119tej Doroty i \u015awi\u0119tego Jana Chrzciciela w \u0141odzi<br \/>\nPomorska 445\/447<\/h3>\n<h3 style=\"text-align: center;\"><a title=\"Wikipedia\" href=\"http:\/\/pl.wikipedia.org\/wiki\/Ko%C5%9Bci%C3%B3%C5%82_%C5%9Bw._Doroty_w_%C5%81odzi\" target=\"_blank\" rel=\"noopener\">\u00a0O ko\u015bciele<\/a><\/h3>\n<p>&nbsp;<\/p>\n<h3 style=\"text-align: center;\">Lokalizacja i dojazd:<\/h3>\n<p>&nbsp;<\/p>\n<p style=\"text-align: center;\"><iframe loading=\"lazy\" style=\"border: 0;\" src=\"https:\/\/www.google.com\/maps\/embed?pb=!1m18!1m12!1m3!1d158050.49170600943!2d19.481405349836297!3d51.75975410788686!2m3!1f0!2f0!3f0!3m2!1i1024!2i768!4f13.1!3m3!1m2!1s0x0000000000000000%3A0x22cf7fb11cc58aff!2sParafia+%C5%9Aw.+Doroty+i+%C5%9Aw.+Jana+Chrzciciela!5e0!3m2!1spl!2spl!4v1414182770404\" width=\"600\" height=\"450\" frameborder=\"0\"><\/iframe><\/p>\n","protected":false},"excerpt":{"rendered":"<p>C E R E M O N I A\u00a0 \u015a L U B N A &nbsp; Serdecznie zapraszamy na uroczysto\u015b\u0107 zawarcia Sakramentu Ma\u0142\u017ce\u0144stwa, kt\u00f3ra odb\u0119dzie si\u0119 w dniu 10 stycznia 2015 roku o godzinie 17:00 w Ko\u015bciele \u015awi\u0119tej Doroty w \u0141odzi. Oby pogoda dopisa\u0142a :) &nbsp; Parafia \u015awi\u0119tej Doroty i \u015awi\u0119tego Jana Chrzciciela w \u0141odzi [&hellip;]<\/p>\n","protected":false},"author":1,"featured_media":0,"parent":0,"menu_order":0,"comment_status":"closed","ping_status":"open","template":"page-full-width.php","meta":{"ngg_post_thumbnail":0,"footnotes":""},"class_list":["post-13","page","type-page","status-publish","hentry"],"_links":{"self":[{"href":"https:\/\/slub.pfilipek.pl\/index.php?rest_route=\/wp\/v2\/pages\/13","targetHints":{"allow":["GET"]}}],"collection":[{"href":"https:\/\/slub.pfilipek.pl\/index.php?rest_route=\/wp\/v2\/pages"}],"about":[{"href":"https:\/\/slub.pfilipek.pl\/index.php?rest_route=\/wp\/v2\/types\/page"}],"author":[{"embeddable":true,"href":"https:\/\/slub.pfilipek.pl\/index.php?rest_route=\/wp\/v2\/users\/1"}],"replies":[{"embeddable":true,"href":"https:\/\/slub.pfilipek.pl\/index.php?rest_route=%2Fwp%2Fv2%2Fcomments&post=13"}],"version-history":[{"count":15,"href":"https:\/\/slub.pfilipek.pl\/index.php?rest_route=\/wp\/v2\/pages\/13\/revisions"}],"predecessor-version":[{"id":1337,"href":"https:\/\/slub.pfilipek.pl\/index.php?rest_route=\/wp\/v2\/pages\/13\/revisions\/1337"}],"wp:attachment":[{"href":"https:\/\/slub.pfilipek.pl\/index.php?rest_route=%2Fwp%2Fv2%2Fmedia&parent=13"}],"curies":[{"name":"wp","href":"https:\/\/api.w.org\/{rel}","templated":true}]}}